{"id":678,"date":"2022-03-01T08:50:00","date_gmt":"2022-03-01T08:50:00","guid":{"rendered":"https:\/\/startersites.io\/stagingtwo\/?page_id=678"},"modified":"2024-10-30T09:52:45","modified_gmt":"2024-10-30T09:52:45","slug":"contact","status":"publish","type":"page","link":"https:\/\/tiagophotoquest.com\/?page_id=678","title":{"rendered":"Contact"},"content":{"rendered":"\n<div class=\"wp-block-stackable-columns alignfull stk-block-columns stk-block stk-cf247fd stk-block-background stk--has-background-overlay\" data-block-id=\"cf247fd\"><style>.stk-cf247fd {background-color:var(--theme-palette-color-4, #000000) !important;background-image:url(https:\/\/tiagophotoquest.com\/wp-content\/uploads\/2022\/05\/hero-image-contact@2x-scaled-1.webp) !important;padding-top:390px !important;padding-right:35px !important;padding-bottom:320px !important;padding-left:35px !important;margin-bottom:0px !important;}.stk-cf247fd:before{background-color:var(--theme-palette-color-4, #000000) !important;opacity:0.6 !important;}@media screen and (max-width: 1023px){.stk-cf247fd {padding-top:290px !important;padding-bottom:250px !important;}}@media screen and (max-width: 767px){.stk-cf247fd {padding-top:220px !important;padding-right:18px !important;padding-bottom:180px !important;padding-left:18px !important;}}<\/style><div class=\"stk-row stk-inner-blocks has-text-align-center stk-block-content stk-content-align stk-cf247fd-column\">\n<div class=\"wp-block-stackable-column stk-block-column stk-column stk-block stk-1d93b9f\" data-v=\"4\" data-block-id=\"1d93b9f\"><style>.stk-1d93b9f-container{margin-top:0px !important;margin-right:0px !important;margin-bottom:0px !important;margin-left:0px !important;}<\/style><div class=\"stk-column-wrapper stk-block-column__content stk-container stk-1d93b9f-container stk--no-background stk--no-padding\"><div class=\"stk-block-content stk-inner-blocks stk-1d93b9f-inner-blocks\">\n\n\n\n<div class=\"wp-block-stackable-heading stk-block-heading stk-block-heading--v2 stk-block stk-436ce8b\" id=\"entre-em-contacto\" data-block-id=\"436ce8b\"><style>.stk-436ce8b {margin-bottom:16px !important;}.stk-436ce8b .stk-block-heading__text{font-size:100px !important;color:var(--theme-palette-color-8, #ffffff) !important;line-height:1.3em !important;font-weight:800 !important;}@media screen and (max-width: 1023px){.stk-436ce8b .stk-block-heading__text{font-size:70px !important;}}@media screen and (max-width: 767px){.stk-436ce8b .stk-block-heading__text{font-size:40px !important;}}<\/style><h2 class=\"stk-block-heading__text has-text-color has-palette-color-8-color\">Entre em contacto<\/h2><\/div>\n<\/div><\/div><\/div>\n<\/div><\/div>\n\n\n\n<div class=\"wp-block-stackable-columns stk-block-columns stk-block stk-b536dc7 stk-block-background\" data-block-id=\"b536dc7\"><style>.stk-b536dc7 {background-color:var(--theme-palette-color-8, #ffffff) !important;box-shadow:0px 20px 80px 0px #c1c7d440 !important;padding-top:90px !important;padding-right:35px !important;padding-bottom:90px !important;padding-left:35px !important;margin-top:-100px !important;margin-bottom:0px !important;}.stk-b536dc7:before{background-color:var(--theme-palette-color-8, #ffffff) !important;}.stk-b536dc7-column{--stk-column-gap:35px !important;row-gap:35px !important;}@media screen and (max-width: 767px){.stk-b536dc7 {padding-top:15% !important;padding-right:10% !important;padding-bottom:15% !important;padding-left:10% !important;margin-top:-80px !important;}}<\/style><div class=\"stk-row stk-inner-blocks stk-block-content stk-content-align stk-b536dc7-column\">\n<div class=\"wp-block-stackable-column stk-block-column stk-column stk-block stk-c8c7b3b\" data-v=\"4\" data-block-id=\"c8c7b3b\"><style>.stk-c8c7b3b-container{margin-top:0px !important;margin-right:0px !important;margin-bottom:0px !important;margin-left:0px !important;}<\/style><div class=\"stk-column-wrapper stk-block-column__content stk-container stk-c8c7b3b-container stk--no-background stk--no-padding\"><div class=\"has-text-align-center stk-block-content stk-inner-blocks stk-c8c7b3b-inner-blocks\">\n<div class=\"wp-block-stackable-image stk-block-image stk-block stk-ce21989\" data-block-id=\"ce21989\"><style>.stk-ce21989 {margin-bottom:16px !important;}.stk-ce21989 .stk-img-wrapper{width:40px !important;}<\/style><figure><span class=\"stk-img-wrapper stk-image--shape-stretch\"><img loading=\"lazy\" decoding=\"async\" class=\"stk-img wp-image-535\" src=\"https:\/\/tiagophotoquest.com\/wp-content\/uploads\/2021\/07\/icon-pin.svg\" width=\"40\" height=\"300\"\/><\/span><\/figure><\/div>\n\n\n\n<div class=\"wp-block-stackable-heading stk-block-heading stk-block-heading--v2 stk-block stk-b33f874\" id=\"endereco\" data-block-id=\"b33f874\"><style>.stk-b33f874 {margin-bottom:16px !important;}.stk-b33f874 .stk-block-heading__text{font-size:20px !important;font-weight:800 !important;}@media screen and (max-width: 1023px){.stk-b33f874 .stk-block-heading__text{font-size:20px !important;}}<\/style><h5 class=\"stk-block-heading__text\">Endere\u00e7o<\/h5><\/div>\n\n\n\n<div class=\"wp-block-stackable-text stk-block-text stk-block stk-9fd81be\" data-block-id=\"9fd81be\"><style>.stk-9fd81be .stk-block-text__text{font-size:16px !important;}@media screen and (max-width: 1023px){.stk-9fd81be .stk-block-text__text{font-size:16px !important;}}<\/style><p class=\"stk-block-text__text\">Aveiro<br>\u00c1gueda<\/p><\/div>\n<\/div><\/div><\/div>\n\n\n\n<div class=\"wp-block-stackable-column stk-block-column stk-column stk-block stk-cdfd108\" data-v=\"4\" data-block-id=\"cdfd108\"><style>.stk-cdfd108-container{margin-top:0px !important;margin-right:0px !important;margin-bottom:0px !important;margin-left:0px !important;}<\/style><div class=\"stk-column-wrapper stk-block-column__content stk-container stk-cdfd108-container stk--no-background stk--no-padding\"><div class=\"has-text-align-center stk-block-content stk-inner-blocks stk-cdfd108-inner-blocks\">\n<div class=\"wp-block-stackable-image stk-block-image stk-block stk-7d66949\" data-block-id=\"7d66949\"><style>.stk-7d66949 {margin-bottom:16px !important;}.stk-7d66949 .stk-img-wrapper{width:40px !important;}<\/style><figure><span class=\"stk-img-wrapper stk-image--shape-stretch\"><img loading=\"lazy\" decoding=\"async\" class=\"stk-img wp-image-536\" src=\"https:\/\/tiagophotoquest.com\/wp-content\/uploads\/2021\/07\/icon-envelope.svg\" width=\"40\" height=\"300\"\/><\/span><\/figure><\/div>\n\n\n\n<div class=\"wp-block-stackable-heading stk-block-heading stk-block-heading--v2 stk-block stk-65e6609\" id=\"e-mail\" data-block-id=\"65e6609\"><style>.stk-65e6609 {margin-bottom:16px !important;}.stk-65e6609 .stk-block-heading__text{font-size:20px !important;font-weight:800 !important;}@media screen and (max-width: 1023px){.stk-65e6609 .stk-block-heading__text{font-size:20px !important;}}<\/style><h5 class=\"stk-block-heading__text\">E-mail<\/h5><\/div>\n\n\n\n<div class=\"wp-block-stackable-text stk-block-text stk-block stk-dc2c22f\" data-block-id=\"dc2c22f\"><style>.stk-dc2c22f .stk-block-text__text{font-size:16px !important;}@media screen and (max-width: 1023px){.stk-dc2c22f .stk-block-text__text{font-size:16px !important;}}<\/style><p class=\"stk-block-text__text\">tiago@nunopicado.com<\/p><\/div>\n<\/div><\/div><\/div>\n\n\n\n<div class=\"wp-block-stackable-column stk-block-column stk-column stk-block stk-9646b4d\" data-v=\"4\" data-block-id=\"9646b4d\"><style>.stk-9646b4d-container{margin-top:0px !important;margin-right:0px !important;margin-bottom:0px !important;margin-left:0px !important;}<\/style><div class=\"stk-column-wrapper stk-block-column__content stk-container stk-9646b4d-container stk--no-background stk--no-padding\"><div class=\"has-text-align-center stk-block-content stk-inner-blocks stk-9646b4d-inner-blocks\">\n<div class=\"wp-block-stackable-image stk-block-image stk-block stk-1ed4f0e\" data-block-id=\"1ed4f0e\"><style>.stk-1ed4f0e {margin-bottom:16px !important;}.stk-1ed4f0e .stk-img-wrapper{width:40px !important;}<\/style><figure><span class=\"stk-img-wrapper stk-image--shape-stretch\"><img loading=\"lazy\" decoding=\"async\" class=\"stk-img wp-image-537\" src=\"https:\/\/tiagophotoquest.com\/wp-content\/uploads\/2021\/07\/icon-phone.svg\" width=\"40\" height=\"300\"\/><\/span><\/figure><\/div>\n\n\n\n<div class=\"wp-block-stackable-heading stk-block-heading stk-block-heading--v2 stk-block stk-43b0b49\" id=\"contacto-telefonico\" data-block-id=\"43b0b49\"><style>.stk-43b0b49 {margin-bottom:16px !important;}.stk-43b0b49 .stk-block-heading__text{font-size:20px !important;font-weight:800 !important;}@media screen and (max-width: 1023px){.stk-43b0b49 .stk-block-heading__text{font-size:20px !important;}}<\/style><h5 class=\"stk-block-heading__text\">Contacto Telef\u00f4nico<\/h5><\/div>\n\n\n\n<div class=\"wp-block-stackable-text stk-block-text stk-block stk-3d09c82\" data-block-id=\"3d09c82\"><style>.stk-3d09c82 .stk-block-text__text{font-size:16px !important;}@media screen and (max-width: 1023px){.stk-3d09c82 .stk-block-text__text{font-size:16px !important;}}<\/style><p class=\"stk-block-text__text\">(+351) 925 343 505<\/p><\/div>\n<\/div><\/div><\/div>\n<\/div><\/div>\n\n\n\n<p class=\"has-text-align-center\">Caso tenha duvida e queira mais informa\u00e7\u00e3o envie um e-mail para &#8220;tiago@nunopicado.com&#8221; ou ligue para +351 925 343 505<\/p>\n\n\n\n<p><\/p>\n","protected":false},"excerpt":{"rendered":"<p>Entre em contacto Endere\u00e7o Aveiro\u00c1gueda E-mail tiago@nunopicado.com Contacto Telef\u00f4nico (+351) 925 343 505 Caso tenha duvida e queira mais informa\u00e7\u00e3o envie um e-mail para &#8220;tiago@nunopicado.com&#8221; ou ligue para +351 925 343 505<\/p>\n","protected":false},"author":1,"featured_media":0,"parent":0,"menu_order":0,"comment_status":"open","ping_status":"closed","template":"","meta":{"pgc_sgb_lightbox_settings":"","footnotes":""},"class_list":["post-678","page","type-page","status-publish","hentry"],"blocksy_meta":{"styles_descriptor":{"styles":{"desktop":"","tablet":"","mobile":""},"google_fonts":[],"version":6},"page_title_panel":"","has_hero_section":"disabled","392b7e43ae598ff3c4847b936747b69f":"","hero_section":"type-1","hero_elements":[{"id":"custom_title","enabled":true,"heading_tag":"h1","title":"Home"},{"id":"custom_description","enabled":true,"description_visibility":{"desktop":true,"tablet":true,"mobile":false}},{"id":"custom_meta","enabled":false,"meta_elements":[{"id":"author","enabled":true,"label":"By","has_author_avatar":"yes","avatar_size":25},{"id":"post_date","enabled":true,"label":"On","date_format_source":"default","date_format":"M j, Y"},{"id":"updated_date","enabled":false,"label":"On","date_format_source":"default","date_format":"M j, Y"},{"id":"categories","enabled":false,"label":"In","style":"simple"},{"id":"comments","enabled":true}],"page_meta_elements":{"joined":true,"articles_count":true,"comments":true}},{"id":"breadcrumbs","enabled":false}],"943af5d9cf64e0729d58495d5a644ce8":"","hero_alignment1":"CT_CSS_SKIP_RULE","hero_margin":40,"hero_alignment2":"center","hero_vertical_alignment":"center","cf8c6ed215a8beaa32e91d6267e52593":"","hero_structure":"narrow","323f05bb0761330f7c4eeef2eb50c1d3":"","page_title_bg_type":"featured_image","custom_hero_background":{"attachment_id":null},"parallax":{"desktop":false,"tablet":false,"mobile":false},"2373d8dd70bebb8baa4dcd2b3914d3ff":"","hero_height":"250px","pageTitleFont":{"family":"Default","variation":"Default","size":"30px","line-height":"CT_CSS_SKIP_RULE","letter-spacing":"CT_CSS_SKIP_RULE","text-transform":"CT_CSS_SKIP_RULE","text-decoration":"CT_CSS_SKIP_RULE"},"pageTitleFontColor":{"default":{"color":"CT_CSS_SKIP_RULEDEFAULT"}},"pageMetaFont":{"family":"Default","variation":"n6","size":"12px","line-height":"1.3","letter-spacing":"CT_CSS_SKIP_RULE","text-transform":"uppercase","text-decoration":"CT_CSS_SKIP_RULE"},"pageMetaFontColor":{"default":{"color":"CT_CSS_SKIP_RULEDEFAULT"},"hover":{"color":"CT_CSS_SKIP_RULEDEFAULT"}},"page_meta_button_type_font_colors":{"default":{"color":"CT_CSS_SKIP_RULEDEFAULT"},"hover":{"color":"CT_CSS_SKIP_RULEDEFAULT"}},"page_meta_button_type_background_colors":{"default":{"color":"CT_CSS_SKIP_RULEDEFAULT"},"hover":{"color":"CT_CSS_SKIP_RULEDEFAULT"}},"pageExcerptFont":{"family":"Default","variation":"Default","size":"CT_CSS_SKIP_RULE","line-height":"CT_CSS_SKIP_RULE","letter-spacing":"CT_CSS_SKIP_RULE","text-transform":"CT_CSS_SKIP_RULE","text-decoration":"CT_CSS_SKIP_RULE"},"pageExcerptColor":{"default":{"color":"CT_CSS_SKIP_RULEDEFAULT"}},"breadcrumbsFont":{"family":"Default","variation":"Default","size":"CT_CSS_SKIP_RULE","line-height":"CT_CSS_SKIP_RULE","letter-spacing":"CT_CSS_SKIP_RULE","text-transform":"CT_CSS_SKIP_RULE","text-decoration":"CT_CSS_SKIP_RULE"},"breadcrumbsFontColor":{"default":{"color":"CT_CSS_SKIP_RULEDEFAULT"},"initial":{"color":"CT_CSS_SKIP_RULEDEFAULT"},"hover":{"color":"CT_CSS_SKIP_RULEDEFAULT"}},"pageTitleOverlay":{"background_type":"color","background_pattern":"type-1","background_image":{"attachment_id":null,"x":0,"y":0},"gradient":"linear-gradient(135deg,rgba(6,147,227,1) 0%,rgb(155,81,224) 100%)","background_repeat":"repeat","background_size":"auto","background_attachment":"scroll","patternColor":{"default":{"color":"#e5e7ea"}},"overlayColor":{"default":{"color":"CT_CSS_SKIP_RULE"}},"backgroundColor":{"default":{"color":"CT_CSS_SKIP_RULE"}}},"pageTitleBackground":{"background_type":"color","background_pattern":"type-1","background_image":{"attachment_id":null,"x":0,"y":0},"gradient":"linear-gradient(135deg,rgba(6,147,227,1) 0%,rgb(155,81,224) 100%)","background_repeat":"repeat","background_size":"auto","background_attachment":"scroll","patternColor":{"default":{"color":"#e5e7ea"}},"overlayColor":{"default":{"color":"CT_CSS_SKIP_RULE"}},"backgroundColor":{"default":{"color":"var(--theme-palette-color-6)"}}},"pageTitlePadding":{"top":"50px","bottom":"50px","left":"auto","right":"auto","linked":true},"767a4f6c68612a4c226719a6cf6092ab":"","page_structure_type":"default","aec0a7f1cd371059255a2ed8ad653931":"","content_style_source":"inherit","content_style":"wide","vertical_spacing_source":"custom","content_area_spacing":"none","background":{"background_type":"color","background_pattern":"type-1","background_image":{"attachment_id":null,"x":0,"y":0},"gradient":"linear-gradient(135deg,rgba(6,147,227,1) 0%,rgb(155,81,224) 100%)","background_repeat":"repeat","background_size":"auto","background_attachment":"scroll","patternColor":{"default":{"color":"#e5e7ea"}},"overlayColor":{"default":{"color":"CT_CSS_SKIP_RULE"}},"backgroundColor":{"default":{"color":"CT_CSS_SKIP_RULE"}}},"content_background":{"background_type":"color","background_pattern":"type-1","background_image":{"attachment_id":null,"x":0,"y":0},"gradient":"linear-gradient(135deg,rgba(6,147,227,1) 0%,rgb(155,81,224) 100%)","background_repeat":"repeat","background_size":"auto","background_attachment":"scroll","patternColor":{"default":{"color":"#e5e7ea"}},"overlayColor":{"default":{"color":"CT_CSS_SKIP_RULE"}},"backgroundColor":{"default":{"color":"var(--theme-palette-color-8)"}}},"content_boxed_shadow":{"inherit":false,"blur":18,"spread":-6,"v_offset":12,"h_offset":0,"inset":false,"enable":true,"color":{"color":"rgba(34, 56, 101, 0.04)"}},"boxed_content_spacing":{"desktop":{"top":"40px","bottom":"40px","left":"40px","right":"40px","linked":true},"tablet":{"top":"35px","bottom":"35px","left":"35px","right":"35px","linked":true},"mobile":{"top":"20px","bottom":"20px","left":"20px","right":"20px","linked":true}},"content_boxed_radius":{"top":"3px","bottom":"3px","left":"3px","right":"3px","linked":true},"4fb4db25106c5d9189b4d1f3b1c8cc48":"","disable_featured_image":"no","disable_share_box":"no","disable_header":"no","disable_footer":"no"},"yoast_head":"<!-- This site is optimized with the Yoast SEO plugin v27.5 - https:\/\/yoast.com\/product\/yoast-seo-wordpress\/ -->\n<title>Contact - Tiago Photo Quest<\/title>\n<meta name=\"robots\" content=\"index, follow, max-snippet:-1, max-image-preview:large, max-video-preview:-1\" \/>\n<link rel=\"canonical\" href=\"https:\/\/tiagophotoquest.com\/?page_id=678\" \/>\n<meta property=\"og:locale\" content=\"pt_PT\" \/>\n<meta property=\"og:type\" content=\"article\" \/>\n<meta property=\"og:title\" content=\"Contact - Tiago Photo Quest\" \/>\n<meta property=\"og:description\" content=\"Entre em contacto Endere\u00e7o Aveiro\u00c1gueda E-mail tiago@nunopicado.com Contacto Telef\u00f4nico (+351) 925 343 505 Caso tenha duvida e queira mais informa\u00e7\u00e3o envie um e-mail para &#8220;tiago@nunopicado.com&#8221; ou ligue para +351 925 343 505\" \/>\n<meta property=\"og:url\" content=\"https:\/\/tiagophotoquest.com\/?page_id=678\" \/>\n<meta property=\"og:site_name\" content=\"Tiago Photo Quest\" \/>\n<meta property=\"article:modified_time\" content=\"2024-10-30T09:52:45+00:00\" \/>\n<meta name=\"twitter:card\" content=\"summary_large_image\" \/>\n<meta name=\"twitter:label1\" content=\"Tempo estimado de leitura\" \/>\n\t<meta name=\"twitter:data1\" content=\"1 minuto\" \/>\n<script type=\"application\/ld+json\" class=\"yoast-schema-graph\">{\"@context\":\"https:\\\/\\\/schema.org\",\"@graph\":[{\"@type\":\"WebPage\",\"@id\":\"https:\\\/\\\/tiagophotoquest.com\\\/?page_id=678\",\"url\":\"https:\\\/\\\/tiagophotoquest.com\\\/?page_id=678\",\"name\":\"Contact - Tiago Photo Quest\",\"isPartOf\":{\"@id\":\"https:\\\/\\\/tiagophotoquest.com\\\/#website\"},\"primaryImageOfPage\":{\"@id\":\"https:\\\/\\\/tiagophotoquest.com\\\/?page_id=678#primaryimage\"},\"image\":{\"@id\":\"https:\\\/\\\/tiagophotoquest.com\\\/?page_id=678#primaryimage\"},\"thumbnailUrl\":\"https:\\\/\\\/tiagophotoquest.com\\\/wp-content\\\/uploads\\\/2021\\\/07\\\/icon-pin.svg\",\"datePublished\":\"2022-03-01T08:50:00+00:00\",\"dateModified\":\"2024-10-30T09:52:45+00:00\",\"breadcrumb\":{\"@id\":\"https:\\\/\\\/tiagophotoquest.com\\\/?page_id=678#breadcrumb\"},\"inLanguage\":\"pt-PT\",\"potentialAction\":[{\"@type\":\"ReadAction\",\"target\":[\"https:\\\/\\\/tiagophotoquest.com\\\/?page_id=678\"]}]},{\"@type\":\"ImageObject\",\"inLanguage\":\"pt-PT\",\"@id\":\"https:\\\/\\\/tiagophotoquest.com\\\/?page_id=678#primaryimage\",\"url\":\"https:\\\/\\\/tiagophotoquest.com\\\/wp-content\\\/uploads\\\/2021\\\/07\\\/icon-pin.svg\",\"contentUrl\":\"https:\\\/\\\/tiagophotoquest.com\\\/wp-content\\\/uploads\\\/2021\\\/07\\\/icon-pin.svg\"},{\"@type\":\"BreadcrumbList\",\"@id\":\"https:\\\/\\\/tiagophotoquest.com\\\/?page_id=678#breadcrumb\",\"itemListElement\":[{\"@type\":\"ListItem\",\"position\":1,\"name\":\"Home\",\"item\":\"https:\\\/\\\/tiagophotoquest.com\\\/\"},{\"@type\":\"ListItem\",\"position\":2,\"name\":\"Contact\"}]},{\"@type\":\"WebSite\",\"@id\":\"https:\\\/\\\/tiagophotoquest.com\\\/#website\",\"url\":\"https:\\\/\\\/tiagophotoquest.com\\\/\",\"name\":\"Tiago Photo Quest\",\"description\":\"\",\"publisher\":{\"@id\":\"https:\\\/\\\/tiagophotoquest.com\\\/#organization\"},\"potentialAction\":[{\"@type\":\"SearchAction\",\"target\":{\"@type\":\"EntryPoint\",\"urlTemplate\":\"https:\\\/\\\/tiagophotoquest.com\\\/?s={search_term_string}\"},\"query-input\":{\"@type\":\"PropertyValueSpecification\",\"valueRequired\":true,\"valueName\":\"search_term_string\"}}],\"inLanguage\":\"pt-PT\"},{\"@type\":\"Organization\",\"@id\":\"https:\\\/\\\/tiagophotoquest.com\\\/#organization\",\"name\":\"Tiago Photo Quest\",\"url\":\"https:\\\/\\\/tiagophotoquest.com\\\/\",\"logo\":{\"@type\":\"ImageObject\",\"inLanguage\":\"pt-PT\",\"@id\":\"https:\\\/\\\/tiagophotoquest.com\\\/#\\\/schema\\\/logo\\\/image\\\/\",\"url\":\"https:\\\/\\\/tiagophotoquest.com\\\/wp-content\\\/uploads\\\/2024\\\/10\\\/Logo-Final-2-1.png\",\"contentUrl\":\"https:\\\/\\\/tiagophotoquest.com\\\/wp-content\\\/uploads\\\/2024\\\/10\\\/Logo-Final-2-1.png\",\"width\":1435,\"height\":1141,\"caption\":\"Tiago Photo Quest\"},\"image\":{\"@id\":\"https:\\\/\\\/tiagophotoquest.com\\\/#\\\/schema\\\/logo\\\/image\\\/\"}}]}<\/script>\n<!-- \/ Yoast SEO plugin. -->","yoast_head_json":{"title":"Contact - Tiago Photo Quest","robots":{"index":"index","follow":"follow","max-snippet":"max-snippet:-1","max-image-preview":"max-image-preview:large","max-video-preview":"max-video-preview:-1"},"canonical":"https:\/\/tiagophotoquest.com\/?page_id=678","og_locale":"pt_PT","og_type":"article","og_title":"Contact - Tiago Photo Quest","og_description":"Entre em contacto Endere\u00e7o Aveiro\u00c1gueda E-mail tiago@nunopicado.com Contacto Telef\u00f4nico (+351) 925 343 505 Caso tenha duvida e queira mais informa\u00e7\u00e3o envie um e-mail para &#8220;tiago@nunopicado.com&#8221; ou ligue para +351 925 343 505","og_url":"https:\/\/tiagophotoquest.com\/?page_id=678","og_site_name":"Tiago Photo Quest","article_modified_time":"2024-10-30T09:52:45+00:00","twitter_card":"summary_large_image","twitter_misc":{"Tempo estimado de leitura":"1 minuto"},"schema":{"@context":"https:\/\/schema.org","@graph":[{"@type":"WebPage","@id":"https:\/\/tiagophotoquest.com\/?page_id=678","url":"https:\/\/tiagophotoquest.com\/?page_id=678","name":"Contact - Tiago Photo Quest","isPartOf":{"@id":"https:\/\/tiagophotoquest.com\/#website"},"primaryImageOfPage":{"@id":"https:\/\/tiagophotoquest.com\/?page_id=678#primaryimage"},"image":{"@id":"https:\/\/tiagophotoquest.com\/?page_id=678#primaryimage"},"thumbnailUrl":"https:\/\/tiagophotoquest.com\/wp-content\/uploads\/2021\/07\/icon-pin.svg","datePublished":"2022-03-01T08:50:00+00:00","dateModified":"2024-10-30T09:52:45+00:00","breadcrumb":{"@id":"https:\/\/tiagophotoquest.com\/?page_id=678#breadcrumb"},"inLanguage":"pt-PT","potentialAction":[{"@type":"ReadAction","target":["https:\/\/tiagophotoquest.com\/?page_id=678"]}]},{"@type":"ImageObject","inLanguage":"pt-PT","@id":"https:\/\/tiagophotoquest.com\/?page_id=678#primaryimage","url":"https:\/\/tiagophotoquest.com\/wp-content\/uploads\/2021\/07\/icon-pin.svg","contentUrl":"https:\/\/tiagophotoquest.com\/wp-content\/uploads\/2021\/07\/icon-pin.svg"},{"@type":"BreadcrumbList","@id":"https:\/\/tiagophotoquest.com\/?page_id=678#breadcrumb","itemListElement":[{"@type":"ListItem","position":1,"name":"Home","item":"https:\/\/tiagophotoquest.com\/"},{"@type":"ListItem","position":2,"name":"Contact"}]},{"@type":"WebSite","@id":"https:\/\/tiagophotoquest.com\/#website","url":"https:\/\/tiagophotoquest.com\/","name":"Tiago Photo Quest","description":"","publisher":{"@id":"https:\/\/tiagophotoquest.com\/#organization"},"potentialAction":[{"@type":"SearchAction","target":{"@type":"EntryPoint","urlTemplate":"https:\/\/tiagophotoquest.com\/?s={search_term_string}"},"query-input":{"@type":"PropertyValueSpecification","valueRequired":true,"valueName":"search_term_string"}}],"inLanguage":"pt-PT"},{"@type":"Organization","@id":"https:\/\/tiagophotoquest.com\/#organization","name":"Tiago Photo Quest","url":"https:\/\/tiagophotoquest.com\/","logo":{"@type":"ImageObject","inLanguage":"pt-PT","@id":"https:\/\/tiagophotoquest.com\/#\/schema\/logo\/image\/","url":"https:\/\/tiagophotoquest.com\/wp-content\/uploads\/2024\/10\/Logo-Final-2-1.png","contentUrl":"https:\/\/tiagophotoquest.com\/wp-content\/uploads\/2024\/10\/Logo-Final-2-1.png","width":1435,"height":1141,"caption":"Tiago Photo Quest"},"image":{"@id":"https:\/\/tiagophotoquest.com\/#\/schema\/logo\/image\/"}}]}},"_links":{"self":[{"href":"https:\/\/tiagophotoquest.com\/index.php?rest_route=\/wp\/v2\/pages\/678","targetHints":{"allow":["GET"]}}],"collection":[{"href":"https:\/\/tiagophotoquest.com\/index.php?rest_route=\/wp\/v2\/pages"}],"about":[{"href":"https:\/\/tiagophotoquest.com\/index.php?rest_route=\/wp\/v2\/types\/page"}],"author":[{"embeddable":true,"href":"https:\/\/tiagophotoquest.com\/index.php?rest_route=\/wp\/v2\/users\/1"}],"replies":[{"embeddable":true,"href":"https:\/\/tiagophotoquest.com\/index.php?rest_route=%2Fwp%2Fv2%2Fcomments&post=678"}],"version-history":[{"count":7,"href":"https:\/\/tiagophotoquest.com\/index.php?rest_route=\/wp\/v2\/pages\/678\/revisions"}],"predecessor-version":[{"id":1343,"href":"https:\/\/tiagophotoquest.com\/index.php?rest_route=\/wp\/v2\/pages\/678\/revisions\/1343"}],"wp:attachment":[{"href":"https:\/\/tiagophotoquest.com\/index.php?rest_route=%2Fwp%2Fv2%2Fmedia&parent=678"}],"curies":[{"name":"wp","href":"https:\/\/api.w.org\/{rel}","templated":true}]}}